{"id":3967,"date":"2021-06-21T20:12:33","date_gmt":"2021-06-21T20:12:33","guid":{"rendered":"https:\/\/redlandgroup.mx\/?page_id=3967"},"modified":"2022-07-25T05:27:41","modified_gmt":"2022-07-25T05:27:41","slug":"nosotros","status":"publish","type":"page","link":"https:\/\/redlandgroup.mx\/?page_id=3967","title":{"rendered":"Nosotros"},"content":{"rendered":"<p>[et_pb_section fb_built=\u00bb1&#8243; custom_padding_last_edited=\u00bbon|phone\u00bb disabled_on=\u00bboff|off|off\u00bb admin_label=\u00bbHeader \u00bb _builder_version=\u00bb4.9.6&#8243; use_background_color_gradient=\u00bbon\u00bb background_color_gradient_start=\u00bbrgba(0,0,0,0.63)\u00bb background_color_gradient_end=\u00bbrgba(10,0,0,0.52)\u00bb background_color_gradient_overlays_image=\u00bbon\u00bb background_image=\u00bbhttps:\/\/redlandgroup.mx\/wp-content\/uploads\/2021\/06\/law-firm-26.jpg\u00bb module_alignment=\u00bbcenter\u00bb height=\u00bb100vh\u00bb custom_margin=\u00bb|||\u00bb custom_padding=\u00bb||||false|false\u00bb custom_padding_tablet=\u00bb\u00bb custom_padding_phone=\u00bb||||false|false\u00bb bottom_divider_color=\u00bbrgba(5,41,66,0.3)\u00bb bottom_divider_height=\u00bb20vw\u00bb animation_style=\u00bbslide\u00bb animation_direction=\u00bbtop\u00bb animation_intensity_slide=\u00bb3%\u00bb animation_starting_opacity=\u00bb100%\u00bb][et_pb_row disabled_on=\u00bboff|off|off\u00bb module_class=\u00bb et_pb_row_fullwidth\u00bb _builder_version=\u00bb4.9.6&#8243; width=\u00bb89%\u00bb width_tablet=\u00bb80%\u00bb width_phone=\u00bb\u00bb width_last_edited=\u00bbon|desktop\u00bb max_width=\u00bb89%\u00bb max_width_tablet=\u00bb80%\u00bb max_width_phone=\u00bb\u00bb max_width_last_edited=\u00bbon|desktop\u00bb custom_padding=\u00bb5vh||||false|false\u00bb make_fullwidth=\u00bbon\u00bb][et_pb_column type=\u00bb4_4&#8243; _builder_version=\u00bb3.25&#8243; custom_padding=\u00bb|||\u00bb custom_padding__hover=\u00bb|||\u00bb][et_pb_text disabled_on=\u00bboff|off|off\u00bb _builder_version=\u00bb4.9.6&#8243; text_font=\u00bbMontserrat||||||||\u00bb text_font_size=\u00bb22px\u00bb text_line_height=\u00bb1.8em\u00bb header_font=\u00bb|600||on|||||\u00bb header_text_align=\u00bbcenter\u00bb header_font_size=\u00bb7vw\u00bb header_line_height=\u00bb1.5em\u00bb text_orientation=\u00bbcenter\u00bb background_layout=\u00bbdark\u00bb custom_margin=\u00bb|||\u00bb header_font_size_tablet=\u00bb50px\u00bb header_font_size_phone=\u00bb\u00bb header_font_size_last_edited=\u00bbon|desktop\u00bb header_line_height_tablet=\u00bb1.1em\u00bb header_line_height_phone=\u00bb1.2em\u00bb header_line_height_last_edited=\u00bboff|desktop\u00bb]<\/p>\n<h1>NOSOTROS<\/h1>\n<p>\u00abDesarrollamos negocios de alto impacto\u00bb<\/p>\n<p>[\/et_pb_text][\/et_pb_column][\/et_pb_row][\/et_pb_section][et_pb_section fb_built=\u00bb1&#8243; use_custom_gutter=\u00bbon\u00bb padding_top_1=\u00bb0px\u00bb padding_top_2=\u00bb80px\u00bb padding_right_2=\u00bb10%\u00bb padding_bottom_2=\u00bb0px\u00bb padding_2_tablet=\u00bb0px|||10%\u00bb padding_2_phone=\u00bb|||\u00bb admin_label=\u00bbRLTG\u00bb _builder_version=\u00bb4.9.6&#8243; background_enable_color=\u00bboff\u00bb background_color_gradient_direction=\u00bb90deg\u00bb custom_margin=\u00bb|||\u00bb custom_margin_tablet=\u00bb80px|80px|80px|80px\u00bb custom_margin_last_edited=\u00bboff|desktop\u00bb custom_padding=\u00bb||||false|false\u00bb animation_style=\u00bbfade\u00bb animation_direction=\u00bbleft\u00bb scroll_scaling_enable=\u00bboff\u00bb scroll_scaling=\u00bb0|49|49|100|10%|80%|100%\u00bb scroll_scaling_tablet=\u00bb\u00bb scroll_scaling_phone=\u00bb\u00bb scroll_scaling_last_edited=\u00bbon|phone\u00bb use_custom_width=\u00bbon\u00bb width_unit=\u00bboff\u00bb custom_width_percent=\u00bb100%\u00bb][et_pb_row column_structure=\u00bb1_2,1_2&#8243; _builder_version=\u00bb4.9.6&#8243; background_color=\u00bbRGBA(0,0,0,0)\u00bb width=\u00bb100%\u00bb max_width=\u00bb100%\u00bb custom_padding=\u00bb||||false|false\u00bb use_custom_width=\u00bbon\u00bb width_unit=\u00bboff\u00bb custom_width_percent=\u00bb100%\u00bb][et_pb_column type=\u00bb1_2&#8243; _builder_version=\u00bb4.9.6&#8243; background_color=\u00bbRGBA(0,0,0,0)\u00bb custom_padding=\u00bb|||\u00bb custom_padding__hover=\u00bb|||\u00bb][et_pb_image src=\u00bbhttps:\/\/redlandgroup.mx\/wp-content\/uploads\/2021\/06\/ajo1.jpg\u00bb title_text=\u00bbajo1&#8243; align=\u00bbright\u00bb _builder_version=\u00bb4.9.6&#8243; _module_preset=\u00bbdefault\u00bb scroll_scaling_enable=\u00bbon\u00bb][\/et_pb_image][\/et_pb_column][et_pb_column type=\u00bb1_2&#8243; _builder_version=\u00bb4.9.6&#8243; background_color=\u00bb#FFFFFF\u00bb custom_padding=\u00bb5%|5%|5%|5%|false|false\u00bb custom_padding_tablet=\u00bb|||10%\u00bb custom_padding_phone=\u00bb\u00bb custom_padding_last_edited=\u00bbon|tablet\u00bb custom_padding__hover=\u00bb|||\u00bb][et_pb_text admin_label=\u00bbTitle\u00bb _builder_version=\u00bb4.9.6&#8243; text_font=\u00bbMontserrat|900|||||||\u00bb text_text_color=\u00bb#E02B20&#8243; text_font_size=\u00bb2em\u00bb text_letter_spacing=\u00bb2px\u00bb text_line_height=\u00bb1.5em\u00bb header_font=\u00bb||||||||\u00bb header_2_font=\u00bbMontserrat||||||||\u00bb header_2_font_size=\u00bb40px\u00bb header_2_line_height=\u00bb1.5em\u00bb text_orientation=\u00bbcenter\u00bb custom_padding=\u00bb||3vh||false|false\u00bb text_font_size_tablet=\u00bb\u00bb text_font_size_phone=\u00bb2em\u00bb text_font_size_last_edited=\u00bbon|phone\u00bb header_text_color_tablet=\u00bb\u00bb header_text_color_phone=\u00bb\u00bb header_text_color_last_edited=\u00bbon|desktop\u00bb header_2_font_size_tablet=\u00bb35px\u00bb header_2_font_size_phone=\u00bb35px\u00bb header_2_font_size_last_edited=\u00bbon|phone\u00bb header_2_line_height_tablet=\u00bb1em\u00bb header_2_line_height_phone=\u00bb1.4em\u00bb header_2_line_height_last_edited=\u00bboff|desktop\u00bb locked=\u00bboff\u00bb]<\/p>\n<p>Red Land Trading Group S.A. de C.V.<\/p>\n<p>[\/et_pb_text][et_pb_text admin_label=\u00bbParagraph\u00bb _builder_version=\u00bb4.9.6&#8243; text_font=\u00bbMontserrat||||||||\u00bb text_font_size=\u00bb15px\u00bb text_line_height=\u00bb2.2em\u00bb header_font=\u00bb||||||||\u00bb custom_margin=\u00bb|||\u00bb locked=\u00bboff\u00bb]<\/p>\n<h3>Nuestra Historia<\/h3>\n<p style=\"text-align: justify;\">Somos una empresa 100% mexicana, con origen en el centro geogr\u00e1fico de M\u00e9xico territorio identificado como el altiplano mexicano. Contamos con una d\u00e9cada de experiencia en la producci\u00f3n, manejo pos cosecha, distribuci\u00f3n y comercializaci\u00f3n de productos agroalimentarios en territorio nacional e internacional.<\/p>\n<p>[\/et_pb_text][et_pb_text admin_label=\u00bbParagraph\u00bb _builder_version=\u00bb4.9.6&#8243; text_font=\u00bbMontserrat||||||||\u00bb text_font_size=\u00bb15px\u00bb text_line_height=\u00bb2.2em\u00bb header_font=\u00bb||||||||\u00bb custom_margin=\u00bb|||\u00bb locked=\u00bboff\u00bb]<\/p>\n<p style=\"text-align: justify;\">Contamos con \u00e1reas de producci\u00f3n y de procesos agroindustriales, con una amplia variedad de productos que conforman nuestra oferta comercial, consolidando as\u00ed a nuestra empresa como un referente agroalimentario en la regi\u00f3n centro norte del pa\u00eds.<\/p>\n<p>[\/et_pb_text][dsm_icon_divider image=\u00bbhttps:\/\/redlandgroup.mx\/wp-content\/uploads\/2021\/06\/mapa.png\u00bb image_max_width=\u00bb10%\u00bb _builder_version=\u00bb4.9.6&#8243; _module_preset=\u00bbdefault\u00bb custom_margin=\u00bb3vh||||false|false\u00bb scroll_scaling_enable=\u00bbon\u00bb scroll_scaling=\u00bb0|50|50|100|30%|100|100&#8243;][\/dsm_icon_divider][\/et_pb_column][\/et_pb_row][\/et_pb_section][et_pb_section fb_built=\u00bb1&#8243; admin_label=\u00bbPROPUESTA DE VALOR\u00bb _builder_version=\u00bb4.9.6&#8243; use_background_color_gradient=\u00bbon\u00bb background_color_gradient_start=\u00bbrgba(10,0,0,0.4)\u00bb background_color_gradient_end=\u00bb#0a0000&#8243; background_color_gradient_overlays_image=\u00bbon\u00bb background_image=\u00bbhttps:\/\/redlandgroup.mx\/wp-content\/uploads\/2021\/03\/contacto-scaled.jpg\u00bb custom_margin=\u00bb|||\u00bb custom_padding=\u00bb||||false|false\u00bb bottom_divider_color=\u00bbrgba(5,41,66,0.3)\u00bb bottom_divider_height=\u00bb50%\u00bb animation_style=\u00bbslide\u00bb animation_direction=\u00bbbottom\u00bb animation_intensity_slide=\u00bb6%\u00bb animation_starting_opacity=\u00bb100%\u00bb scroll_scaling=\u00bb0|50|50|100|20%|100%|100%\u00bb saved_tabs=\u00bball\u00bb][et_pb_row admin_label=\u00bbFooter Row\u00bb _builder_version=\u00bb4.9.6&#8243; custom_padding=\u00bb0px|0px|0px|0px|false|false\u00bb scroll_scaling_enable=\u00bbon\u00bb scroll_scaling=\u00bb0|50|50|100|20%|100|100&#8243;][et_pb_column type=\u00bb4_4&#8243; _builder_version=\u00bb3.25&#8243; custom_padding=\u00bb|||\u00bb custom_padding__hover=\u00bb|||\u00bb][et_pb_text admin_label=\u00bbTitle\u00bb _builder_version=\u00bb4.9.6&#8243; text_font=\u00bbMontserrat|800|||||||\u00bb text_text_color=\u00bb#FFFFFF\u00bb text_font_size=\u00bb3em\u00bb text_letter_spacing=\u00bb2px\u00bb text_line_height=\u00bb1.5em\u00bb header_font=\u00bb||||||||\u00bb header_2_font=\u00bbMontserrat||||||||\u00bb header_2_font_size=\u00bb40px\u00bb header_2_line_height=\u00bb1.5em\u00bb text_orientation=\u00bbcenter\u00bb custom_padding=\u00bb0px|0px|0px|0px|false|false\u00bb text_font_size_tablet=\u00bb\u00bb text_font_size_phone=\u00bb2em\u00bb text_font_size_last_edited=\u00bbon|phone\u00bb header_2_font_size_tablet=\u00bb35px\u00bb header_2_font_size_phone=\u00bb35px\u00bb header_2_font_size_last_edited=\u00bbon|phone\u00bb]<\/p>\n<p>Propuesta de Valor<\/p>\n<p>[\/et_pb_text][\/et_pb_column][\/et_pb_row][et_pb_row use_custom_gutter=\u00bbon\u00bb make_equal=\u00bbon\u00bb admin_label=\u00bbCTA Row\u00bb _builder_version=\u00bb4.9.6&#8243; module_alignment=\u00bbcenter\u00bb custom_padding=\u00bb10px|0px|0px|0px|false|false\u00bb scroll_scaling=\u00bb0|50|50|100|30%|90%|100%\u00bb][et_pb_column type=\u00bb4_4&#8243; _builder_version=\u00bb3.25&#8243; custom_padding=\u00bb|||\u00bb custom_padding__hover=\u00bb|||\u00bb][et_pb_blurb image=\u00bbhttps:\/\/redlandgroup.mx\/wp-content\/uploads\/2021\/06\/Recurso-6.png\u00bb image_max_width=\u00bb30%\u00bb admin_label=\u00bbCTA\u00bb _builder_version=\u00bb4.9.6&#8243; header_font=\u00bb||||||||\u00bb header_text_color=\u00bb#a4bccb\u00bb header_font_size=\u00bb20px\u00bb header_line_height=\u00bb1.5em\u00bb body_font=\u00bb|300|||||||\u00bb body_text_align=\u00bbjustify\u00bb body_text_color=\u00bb#FFFFFF\u00bb body_font_size=\u00bb25px\u00bb body_letter_spacing=\u00bb1px\u00bb text_orientation=\u00bbjustified\u00bb background_layout=\u00bbdark\u00bb custom_margin=\u00bb0px|0px|0px|0px|false|false\u00bb custom_padding=\u00bb0px|0px|0px|0px|false|false\u00bb animation=\u00bboff\u00bb][\/et_pb_blurb][dnxte_feature_list_parent _builder_version=\u00bb4.9.6&#8243; _module_preset=\u00bbdefault\u00bb hover_enabled=\u00bb0&#8243; sticky_enabled=\u00bb0&#8243;][dnxte_feature_list_child dnxte_feature_list_title=\u00bbContamos con productos de la industria alimentaria, principalmente del estado de Zacatecas, de alta demanda en los mercados nacional e internacionales, as\u00ed como con la capacidad de satisfacer las exigencias de los mismos, gracias a la calidad y la infraestructura (material y humana) con la que contamos, a trav\u00e9s de las relaciones comerciales que manejamos en el desarrollo de nuestra cadena de suministros.\u00bb _builder_version=\u00bb4.9.6&#8243; _module_preset=\u00bbdefault\u00bb module_text_align=\u00bbjustify\u00bb module_text_color=\u00bb#FFFFFF\u00bb module_font_size=\u00bb1.7em\u00bb module_line_height=\u00bb1.2em\u00bb hover_enabled=\u00bb0&#8243; module_text_align_tablet=\u00bb\u00bb module_text_align_phone=\u00bbjustify\u00bb module_text_align_last_edited=\u00bbon|phone\u00bb module_font_size_tablet=\u00bb\u00bb module_font_size_phone=\u00bb1.2em\u00bb module_font_size_last_edited=\u00bbon|phone\u00bb sticky_enabled=\u00bb0&#8243;][\/dnxte_feature_list_child][\/dnxte_feature_list_parent][dnxte_feature_list_parent _builder_version=\u00bb4.9.6&#8243; _module_preset=\u00bbdefault\u00bb hover_enabled=\u00bb0&#8243; sticky_enabled=\u00bb0&#8243;][dnxte_feature_list_child dnxte_feature_list_title=\u00bbContamos con la infraestructura productiva y comercial,  necesaria en M\u00e9xico y la Uni\u00f3n Americana para desarrollar  negocios de gran impacto.\u00bb dnxte_feature_list_text_alignment=\u00bbtop\u00bb _builder_version=\u00bb4.9.6&#8243; _module_preset=\u00bbdefault\u00bb module_text_align=\u00bbjustify\u00bb module_text_color=\u00bb#FFFFFF\u00bb module_font_size=\u00bb1.7em\u00bb module_line_height=\u00bb1.2em\u00bb module_font_size_tablet=\u00bb\u00bb module_font_size_phone=\u00bb1.2em\u00bb module_font_size_last_edited=\u00bbon|phone\u00bb][\/dnxte_feature_list_child][\/dnxte_feature_list_parent][dnxte_feature_list_parent _builder_version=\u00bb4.9.6&#8243; _module_preset=\u00bbdefault\u00bb hover_enabled=\u00bb0&#8243; sticky_enabled=\u00bb0&#8243;][dnxte_feature_list_child dnxte_feature_list_title=\u00bbContamos con  la confianza y respaldo de nuestros  proveedores y socios comerciales.\u00bb dnxte_feature_list_text_alignment=\u00bbtop\u00bb _builder_version=\u00bb4.9.6&#8243; _module_preset=\u00bbdefault\u00bb module_text_align=\u00bbjustify\u00bb module_text_color=\u00bb#FFFFFF\u00bb module_font_size=\u00bb1.7em\u00bb module_line_height=\u00bb1.2em\u00bb module_font_size_tablet=\u00bb\u00bb module_font_size_phone=\u00bb1.2em\u00bb module_font_size_last_edited=\u00bbon|phone\u00bb][\/dnxte_feature_list_child][\/dnxte_feature_list_parent][dsm_icon_divider image=\u00bbhttps:\/\/redlandgroup.mx\/wp-content\/uploads\/2021\/06\/mapa.png\u00bb image_max_width=\u00bb10%\u00bb _builder_version=\u00bb4.9.6&#8243; _module_preset=\u00bbdefault\u00bb custom_margin=\u00bb3vh||||false|false\u00bb scroll_scaling_enable=\u00bbon\u00bb scroll_scaling=\u00bb0|50|50|100|30%|100|100&#8243;][\/dsm_icon_divider][et_pb_button button_text=\u00bbCONT\u00c1CTANOS\u00bb button_alignment=\u00bbcenter\u00bb admin_label=\u00bbCTA Button\u00bb _builder_version=\u00bb4.9.6&#8243; custom_button=\u00bbon\u00bb button_text_size=\u00bb1.5vh\u00bb button_text_color=\u00bb#ffffff\u00bb button_bg_color=\u00bb#e30613&#8243; button_border_width=\u00bb12px\u00bb button_border_color=\u00bb#e30613&#8243; button_border_radius=\u00bb5px\u00bb button_letter_spacing=\u00bb3px\u00bb button_font=\u00bb|700||on|||||\u00bb custom_margin=\u00bb30px|||\u00bb custom_padding=\u00bb|||\u00bb button_border_radius_hover=\u00bb4px\u00bb locked=\u00bboff\u00bb button_text_size__hover_enabled=\u00bboff\u00bb button_one_text_size__hover_enabled=\u00bboff\u00bb button_two_text_size__hover_enabled=\u00bboff\u00bb button_text_color__hover_enabled=\u00bboff\u00bb button_one_text_color__hover_enabled=\u00bboff\u00bb button_two_text_color__hover_enabled=\u00bboff\u00bb button_border_width__hover_enabled=\u00bboff\u00bb button_one_border_width__hover_enabled=\u00bboff\u00bb button_two_border_width__hover_enabled=\u00bboff\u00bb button_border_color__hover_enabled=\u00bboff\u00bb button_one_border_color__hover_enabled=\u00bboff\u00bb button_two_border_color__hover_enabled=\u00bboff\u00bb button_border_radius__hover_enabled=\u00bbon\u00bb button_border_radius__hover=\u00bb4px\u00bb button_one_border_radius__hover_enabled=\u00bboff\u00bb button_two_border_radius__hover_enabled=\u00bboff\u00bb button_letter_spacing__hover_enabled=\u00bboff\u00bb button_one_letter_spacing__hover_enabled=\u00bboff\u00bb button_two_letter_spacing__hover_enabled=\u00bboff\u00bb button_bg_color__hover_enabled=\u00bboff\u00bb button_one_bg_color__hover_enabled=\u00bboff\u00bb button_two_bg_color__hover_enabled=\u00bboff\u00bb][\/et_pb_button][\/et_pb_column][\/et_pb_row][\/et_pb_section][et_pb_section fb_built=\u00bb1&#8243; use_custom_gutter=\u00bbon\u00bb padding_top_1=\u00bb0px\u00bb padding_top_2=\u00bb80px\u00bb padding_right_2=\u00bb10%\u00bb padding_bottom_2=\u00bb0px\u00bb padding_2_tablet=\u00bb0px|||10%\u00bb padding_2_phone=\u00bb|||\u00bb admin_label=\u00bbFILOSOF\u00cdA\u00bb _builder_version=\u00bb4.9.6&#8243; background_enable_color=\u00bboff\u00bb background_color_gradient_direction=\u00bb90deg\u00bb custom_margin=\u00bb|||\u00bb custom_margin_tablet=\u00bb80px|80px|80px|80px\u00bb custom_margin_last_edited=\u00bboff|desktop\u00bb custom_padding=\u00bb||||false|false\u00bb animation_style=\u00bbslide\u00bb animation_direction=\u00bbleft\u00bb animation_intensity_slide=\u00bb1%\u00bb scroll_scaling=\u00bb0|50|50|100|20%|100%|100%\u00bb use_custom_width=\u00bbon\u00bb width_unit=\u00bboff\u00bb custom_width_percent=\u00bb100%\u00bb][et_pb_row column_structure=\u00bb1_2,1_2&#8243; _builder_version=\u00bb4.9.6&#8243; background_color=\u00bbRGBA(0,0,0,0)\u00bb width=\u00bb100%\u00bb max_width=\u00bb100%\u00bb custom_padding=\u00bb||||false|false\u00bb scroll_scaling_enable=\u00bbon\u00bb scroll_scaling=\u00bb0|50|50|100|20%|100%|100%\u00bb use_custom_width=\u00bbon\u00bb width_unit=\u00bboff\u00bb custom_width_percent=\u00bb100%\u00bb][et_pb_column type=\u00bb1_2&#8243; _builder_version=\u00bb4.9.6&#8243; background_color=\u00bb#FFFFFF\u00bb custom_padding=\u00bb0px|5%|5%|5%|false|false\u00bb custom_padding_tablet=\u00bb|||10%\u00bb custom_padding_phone=\u00bb\u00bb custom_padding_last_edited=\u00bbon|tablet\u00bb custom_padding__hover=\u00bb|||\u00bb][et_pb_text admin_label=\u00bbTitle\u00bb _builder_version=\u00bb4.9.6&#8243; text_font=\u00bbMontserrat|900|||||||\u00bb text_text_color=\u00bb#E02B20&#8243; text_font_size=\u00bb2em\u00bb text_letter_spacing=\u00bb2px\u00bb text_line_height=\u00bb1.5em\u00bb header_font=\u00bb||||||||\u00bb header_2_font=\u00bbMontserrat||||||||\u00bb header_2_font_size=\u00bb40px\u00bb header_2_line_height=\u00bb1.5em\u00bb text_orientation=\u00bbcenter\u00bb custom_padding=\u00bb||3vh||false|false\u00bb text_font_size_tablet=\u00bb\u00bb text_font_size_phone=\u00bb2em\u00bb text_font_size_last_edited=\u00bbon|phone\u00bb header_2_font_size_tablet=\u00bb35px\u00bb header_2_font_size_phone=\u00bb35px\u00bb header_2_font_size_last_edited=\u00bbon|phone\u00bb locked=\u00bboff\u00bb]<\/p>\n<p>Nuestra Filosof\u00eda<\/p>\n<p>[\/et_pb_text][et_pb_text admin_label=\u00bbParagraph\u00bb _builder_version=\u00bb4.9.6&#8243; text_font=\u00bbMontserrat||||||||\u00bb text_font_size=\u00bb15px\u00bb text_line_height=\u00bb2.2em\u00bb header_font=\u00bb||||||||\u00bb custom_margin=\u00bb|||\u00bb custom_padding=\u00bb0px|0px|0px|0px|false|false\u00bb locked=\u00bboff\u00bb]<\/p>\n<h3>Visi\u00f3n<\/h3>\n<p style=\"text-align: justify;\">Ser una organizaci\u00f3n reconocida nacional e internacionalmente por la calidad de sus productos,\u00a0 sus soluciones integrales de proveedur\u00eda y\u00a0 comercializaci\u00f3n, as\u00ed como por el prestigio de sus\u00a0 marcas.<\/p>\n<p>[\/et_pb_text][et_pb_text admin_label=\u00bbParagraph\u00bb _builder_version=\u00bb4.9.6&#8243; text_font=\u00bbMontserrat||||||||\u00bb text_font_size=\u00bb15px\u00bb text_line_height=\u00bb2.2em\u00bb header_font=\u00bb||||||||\u00bb custom_margin=\u00bb|||\u00bb locked=\u00bboff\u00bb]<\/p>\n<h3>Misi\u00f3n\u00a0<\/h3>\n<p style=\"text-align: justify;\">Ser una empresa l\u00edder en la producci\u00f3n y comercializaci\u00f3n de\u00a0 productos agroindustriales, frescos y procesados, con los m\u00e1s\u00a0 altos est\u00e1ndares de calidad, inocuidad y valor nutricional, con\u00a0 responsabilidad social y ambiental, buscando siempre la\u00a0 satisfacci\u00f3n de nuestros clientes y consumidores, basados en\u00a0 la mejora continua, la innovaci\u00f3n y la rentabilidad para nuestra\u00a0 empresa y nuestros socios de negocio.<\/p>\n<p>[\/et_pb_text][dsm_icon_divider image=\u00bbhttps:\/\/redlandgroup.mx\/wp-content\/uploads\/2021\/06\/mapa.png\u00bb image_max_width=\u00bb10%\u00bb _builder_version=\u00bb4.9.6&#8243; _module_preset=\u00bbdefault\u00bb custom_margin=\u00bb3vh||||false|false\u00bb scroll_scaling_enable=\u00bbon\u00bb scroll_scaling=\u00bb0|50|50|100|30%|100|100&#8243;][\/dsm_icon_divider][\/et_pb_column][et_pb_column type=\u00bb1_2&#8243; _builder_version=\u00bb4.9.6&#8243; background_color=\u00bbRGBA(0,0,0,0)\u00bb custom_padding=\u00bb|||\u00bb custom_padding__hover=\u00bb|||\u00bb][et_pb_image src=\u00bbhttps:\/\/redlandgroup.mx\/wp-content\/uploads\/2021\/06\/paper-3213924_640.jpg\u00bb title_text=\u00bbFilosof\u00eda\u00bb _builder_version=\u00bb4.9.6&#8243; _module_preset=\u00bbdefault\u00bb width=\u00bb100%\u00bb max_width=\u00bb100%\u00bb module_alignment=\u00bbright\u00bb box_shadow_style=\u00bbpreset1&#8243;][\/et_pb_image][\/et_pb_column][\/et_pb_row][\/et_pb_section]<\/p>\n","protected":false},"excerpt":{"rendered":"<p>[et_pb_section fb_built=\u00bb1&#8243; custom_padding_last_edited=\u00bbon|phone\u00bb disabled_on=\u00bboff|off|off\u00bb admin_label=\u00bbHeader \u00bb _builder_version=\u00bb4.9.6&#8243; use_background_color_gradient=\u00bbon\u00bb background_color_gradient_start=\u00bbrgba(0,0,0,0.63)\u00bb background_color_gradient_end=\u00bbrgba(10,0,0,0.52)\u00bb background_color_gradient_overlays_image=\u00bbon\u00bb background_image=\u00bbhttps:\/\/redlandgroup.mx\/wp-content\/uploads\/2021\/06\/law-firm-26.jpg\u00bb module_alignment=\u00bbcenter\u00bb height=\u00bb100vh\u00bb custom_margin=\u00bb|||\u00bb custom_padding=\u00bb||||false|false\u00bb custom_padding_tablet=\u00bb\u00bb custom_padding_phone=\u00bb||||false|false\u00bb bottom_divider_color=\u00bbrgba(5,41,66,0.3)\u00bb bottom_divider_height=\u00bb20vw\u00bb animation_style=\u00bbslide\u00bb animation_direction=\u00bbtop\u00bb animation_intensity_slide=\u00bb3%\u00bb animation_starting_opacity=\u00bb100%\u00bb][et_pb_row disabled_on=\u00bboff|off|off\u00bb module_class=\u00bb et_pb_row_fullwidth\u00bb _builder_version=\u00bb4.9.6&#8243; width=\u00bb89%\u00bb width_tablet=\u00bb80%\u00bb width_phone=\u00bb\u00bb width_last_edited=\u00bbon|desktop\u00bb max_width=\u00bb89%\u00bb max_width_tablet=\u00bb80%\u00bb max_width_phone=\u00bb\u00bb max_width_last_edited=\u00bbon|desktop\u00bb custom_padding=\u00bb5vh||||false|false\u00bb make_fullwidth=\u00bbon\u00bb][et_pb_column type=\u00bb4_4&#8243; _builder_version=\u00bb3.25&#8243; custom_padding=\u00bb|||\u00bb custom_padding__hover=\u00bb|||\u00bb][et_pb_text disabled_on=\u00bboff|off|off\u00bb _builder_version=\u00bb4.9.6&#8243; text_font=\u00bbMontserrat||||||||\u00bb text_font_size=\u00bb22px\u00bb text_line_height=\u00bb1.8em\u00bb header_font=\u00bb|600||on|||||\u00bb header_text_align=\u00bbcenter\u00bb header_font_size=\u00bb7vw\u00bb header_line_height=\u00bb1.5em\u00bb text_orientation=\u00bbcenter\u00bb background_layout=\u00bbdark\u00bb custom_margin=\u00bb|||\u00bb header_font_size_tablet=\u00bb50px\u00bb [&hellip;]<\/p>\n","protected":false},"author":1,"featured_media":0,"parent":0,"menu_order":0,"comment_status":"closed","ping_status":"closed","template":"","meta":{"_et_pb_use_builder":"on","_et_pb_old_content":"","_et_gb_content_width":"","footnotes":""},"class_list":["post-3967","page","type-page","status-publish","hentry"],"_links":{"self":[{"href":"https:\/\/redlandgroup.mx\/index.php?rest_route=\/wp\/v2\/pages\/3967","targetHints":{"allow":["GET"]}}],"collection":[{"href":"https:\/\/redlandgroup.mx\/index.php?rest_route=\/wp\/v2\/pages"}],"about":[{"href":"https:\/\/redlandgroup.mx\/index.php?rest_route=\/wp\/v2\/types\/page"}],"author":[{"embeddable":true,"href":"https:\/\/redlandgroup.mx\/index.php?rest_route=\/wp\/v2\/users\/1"}],"replies":[{"embeddable":true,"href":"https:\/\/redlandgroup.mx\/index.php?rest_route=%2Fwp%2Fv2%2Fcomments&post=3967"}],"version-history":[{"count":49,"href":"https:\/\/redlandgroup.mx\/index.php?rest_route=\/wp\/v2\/pages\/3967\/revisions"}],"predecessor-version":[{"id":20760,"href":"https:\/\/redlandgroup.mx\/index.php?rest_route=\/wp\/v2\/pages\/3967\/revisions\/20760"}],"wp:attachment":[{"href":"https:\/\/redlandgroup.mx\/index.php?rest_route=%2Fwp%2Fv2%2Fmedia&parent=3967"}],"curies":[{"name":"wp","href":"https:\/\/api.w.org\/{rel}","templated":true}]}}